{"id":2745,"date":"2023-05-31T19:45:06","date_gmt":"2023-05-31T17:45:06","guid":{"rendered":"http:\/\/ensemble-handwerk.eu\/?page_id=2745"},"modified":"2026-03-26T22:57:47","modified_gmt":"2026-03-26T20:57:47","slug":"termine","status":"publish","type":"page","link":"https:\/\/ensemble-handwerk.eu\/en\/termine\/","title":{"rendered":"termine"},"content":{"rendered":"<div class=\"wp-block-uagb-container uagb-block-fd005ec0 alignfull uagb-is-root-container\"><div class=\"uagb-container-inner-blocks-wrap\">\n<div class=\"wp-block-uagb-advanced-heading uagb-block-4174c3d2\"><h1 class=\"uagb-heading-text\">Dates<\/h1><\/div>\n<\/div><\/div>\n\n\n\n<div class=\"wp-block-uagb-container uagb-block-82a95361 alignfull uagb-is-root-container\"><div class=\"uagb-container-inner-blocks-wrap\">\n<div class=\"wp-block-uagb-container uagb-block-89b4c022\">\n<div class=\"wp-block-uagb-advanced-heading uagb-block-4d2f0835\"><p class=\"uagb-heading-text\">25_April_2026_15 Uhr <br>26_April_2026_11 Uhr <br>WERK\u00b0STADT Witten<\/p><\/div>\n<\/div>\n\n\n\n<div class=\"wp-block-uagb-container uagb-block-b25d426c\">\n<div class=\"wp-block-uagb-advanced-heading uagb-block-dd967557\"><h3 class=\"uagb-heading-text\">The Redheaded Man_<br>Chaya Czernowin <\/h3><\/div>\n<\/div>\n\n\n\n<div class=\"wp-block-uagb-buttons uagb-buttons__outer-wrap uagb-btn__default-btn uagb-btn-tablet__default-btn uagb-btn-mobile__default-btn uagb-block-e9787cbc\"><div class=\"uagb-buttons__wrap uagb-buttons-layout-wrap\">\n<div class=\"wp-block-uagb-buttons-child uagb-buttons__outer-wrap uagb-block-b3eb9d24 wp-block-button\"><div class=\"uagb-button__wrapper\"><a class=\"uagb-buttons-repeater wp-block-button__link\" aria-label=\"\" href=\"https:\/\/ensemble-handwerk.eu\/en\/hw26c_3\/\" rel=\"follow noopener\" target=\"_blank\" role=\"button\"><div class=\"uagb-button__link\">Infos<\/div><\/a><\/div><\/div>\n<\/div><\/div>\n<\/div><\/div>\n\n\n\n<div class=\"wp-block-uagb-container uagb-block-e03a4a0e alignfull uagb-is-root-container\"><div class=\"uagb-container-inner-blocks-wrap\">\n<div class=\"wp-block-uagb-container uagb-block-82b1dd08\">\n<div class=\"wp-block-uagb-advanced-heading uagb-block-2524b406\"><p class=\"uagb-heading-text\">29_Mai_2026<br>Hamburg<\/p><\/div>\n<\/div>\n\n\n\n<div class=\"wp-block-uagb-container uagb-block-bd39f312\">\n<div class=\"wp-block-uagb-advanced-heading uagb-block-f18c8b86\"><h3 class=\"uagb-heading-text\">@ blurred edges 2026<\/h3><\/div>\n<\/div>\n\n\n\n<div class=\"wp-block-uagb-container uagb-block-5fabe1e1\">\n<div class=\"wp-block-uagb-buttons uagb-buttons__outer-wrap uagb-btn__default-btn uagb-btn-tablet__default-btn uagb-btn-mobile__default-btn uagb-block-b363a20e\"><div class=\"uagb-buttons__wrap uagb-buttons-layout-wrap\">\n<div class=\"wp-block-uagb-buttons-child uagb-buttons__outer-wrap uagb-block-01355b2c wp-block-button\"><div class=\"uagb-button__wrapper\"><a class=\"uagb-buttons-repeater wp-block-button__link\" aria-label=\"\" href=\"https:\/\/www.vamh.de\/blurred_edges\/years\/2026\" rel=\"follow noopener\" target=\"_blank\" role=\"button\"><div class=\"uagb-button__link\">Infos<\/div><\/a><\/div><\/div>\n<\/div><\/div>\n<\/div>\n<\/div><\/div>\n\n\n\n<div class=\"wp-block-uagb-container uagb-block-0d699dc9 alignfull uagb-is-root-container\"><div class=\"uagb-container-inner-blocks-wrap\">\n<div class=\"wp-block-uagb-container uagb-block-02eb34de\">\n<div class=\"wp-block-uagb-advanced-heading uagb-block-4d48beaf\"><p class=\"uagb-heading-text\">11_September_2026_20 Uhr<br>Alte Feuerwache, K\u00f6ln (B\u00fchne)<\/p><\/div>\n<\/div>\n\n\n\n<div class=\"wp-block-uagb-container uagb-block-318e5fb9\">\n<div class=\"wp-block-uagb-advanced-heading uagb-block-f338ce3c\"><h3 class=\"uagb-heading-text\">HW26C_#3 Czernowin<br>The Redheaded Man<\/h3><\/div>\n<\/div>\n\n\n\n<div class=\"wp-block-uagb-container uagb-block-f3409379\">\n<div class=\"wp-block-uagb-buttons uagb-buttons__outer-wrap uagb-btn__default-btn uagb-btn-tablet__default-btn uagb-btn-mobile__default-btn uagb-block-4b49847a\"><div class=\"uagb-buttons__wrap uagb-buttons-layout-wrap\">\n<div class=\"wp-block-uagb-buttons-child uagb-buttons__outer-wrap uagb-block-35a38626 wp-block-button\"><div class=\"uagb-button__wrapper\"><a class=\"uagb-buttons-repeater wp-block-button__link\" aria-label=\"\" href=\"#\" rel=\"follow noopener\" target=\"_blank\" role=\"button\"><div class=\"uagb-button__link\">Infos<\/div><\/a><\/div><\/div>\n<\/div><\/div>\n<\/div>\n<\/div><\/div>\n\n\n\n<div class=\"wp-block-uagb-container uagb-block-5a21a45c alignfull uagb-is-root-container\"><div class=\"uagb-container-inner-blocks-wrap\">\n<div class=\"wp-block-uagb-container uagb-block-14f7bbf2\">\n<div class=\"wp-block-uagb-advanced-heading uagb-block-d700dca0\"><p class=\"uagb-heading-text\">27_Oktober_2026_20 Uhr<br>Alte Feuerwache, K\u00f6ln (B\u00fchne)<\/p><\/div>\n<\/div>\n\n\n\n<div class=\"wp-block-uagb-container uagb-block-ce9fab7f\">\n<div class=\"wp-block-uagb-advanced-heading uagb-block-13f5cca7\"><h3 class=\"uagb-heading-text\">HW26C_#4 GUTE MUSIK (8)<\/h3><\/div>\n<\/div>\n\n\n\n<div class=\"wp-block-uagb-container uagb-block-c6a78b87\">\n<div class=\"wp-block-uagb-buttons uagb-buttons__outer-wrap uagb-btn__default-btn uagb-btn-tablet__default-btn uagb-btn-mobile__default-btn uagb-block-5275ecc8\"><div class=\"uagb-buttons__wrap uagb-buttons-layout-wrap\">\n<div class=\"wp-block-uagb-buttons-child uagb-buttons__outer-wrap uagb-block-6f336699 wp-block-button\"><div class=\"uagb-button__wrapper\"><a class=\"uagb-buttons-repeater wp-block-button__link\" aria-label=\"\" href=\"https:\/\/ensemble-handwerk.eu\/en\/hw26c_4\/\" rel=\"follow noopener\" target=\"_blank\" role=\"button\"><div class=\"uagb-button__link\">Infos<\/div><\/a><\/div><\/div>\n<\/div><\/div>\n<\/div>\n<\/div><\/div>\n\n\n\n<div class=\"wp-block-uagb-container uagb-block-7169c920 alignfull uagb-is-root-container\"><div class=\"uagb-container-inner-blocks-wrap\">\n<div class=\"wp-block-uagb-container uagb-block-aa24c3d6\">\n<div class=\"wp-block-uagb-advanced-heading uagb-block-ea616363\"><p class=\"uagb-heading-text\">15_Dezember_2026_20 Uhr<br>Alte Feuerwache, K\u00f6ln (B\u00fchne)<\/p><\/div>\n<\/div>\n\n\n\n<div class=\"wp-block-uagb-container uagb-block-96f0fbc3\">\n<div class=\"wp-block-uagb-advanced-heading uagb-block-334023f9\"><h3 class=\"uagb-heading-text\">HW26C_#5 Groupe des Sicks<\/h3><\/div>\n<\/div>\n\n\n\n<div class=\"wp-block-uagb-container uagb-block-3cf0fad2\">\n<div class=\"wp-block-uagb-buttons uagb-buttons__outer-wrap uagb-btn__default-btn uagb-btn-tablet__default-btn uagb-btn-mobile__default-btn uagb-block-882a17b8\"><div class=\"uagb-buttons__wrap uagb-buttons-layout-wrap\">\n<div class=\"wp-block-uagb-buttons-child uagb-buttons__outer-wrap uagb-block-ea4acd08 wp-block-button\"><div class=\"uagb-button__wrapper\"><a class=\"uagb-buttons-repeater wp-block-button__link\" aria-label=\"\" href=\"https:\/\/ensemble-handwerk.eu\/en\/hw26c_5\/\" rel=\"follow noopener\" target=\"_blank\" role=\"button\"><div class=\"uagb-button__link\">Infos<\/div><\/a><\/div><\/div>\n<\/div><\/div>\n<\/div>\n<\/div><\/div>\n\n\n\n<p><\/p>","protected":false},"excerpt":{"rendered":"<p>Termine 25_April_2026_15 Uhr 26_April_2026_11 Uhr WERK\u00b0STADT Witten The Redheaded Man_Chaya Czernowin 29_Mai_2026Hamburg @ blurred edges 2026 11_September_2026_20 UhrAlte Feuerwache, K\u00f6ln (B\u00fchne) HW26C_#3 CzernowinThe Redheaded Man 27_Oktober_2026_20 UhrAlte Feuerwache, K\u00f6ln (B\u00fchne) HW26C_#4 GUTE MUSIK (8) 15_Dezember_2026_20 UhrAlte Feuerwache, K\u00f6ln (B\u00fchne) HW26C_#5 Groupe des Sicks<\/p>","protected":false},"author":15,"featured_media":0,"parent":0,"menu_order":0,"comment_status":"closed","ping_status":"closed","template":"","meta":{"_uag_custom_page_level_css":"","site-sidebar-layout":"default","site-content-layout":"","ast-site-content-layout":"default","site-content-style":"default","site-sidebar-style":"default","ast-global-header-display":"","ast-banner-title-visibility":"","ast-main-header-display":"","ast-hfb-above-header-display":"","ast-hfb-below-header-display":"","ast-hfb-mobile-header-display":"","site-post-title":"disabled","ast-breadcrumbs-content":"","ast-featured-img":"","footer-sml-layout":"","ast-disable-related-posts":"","theme-transparent-header-meta":"","adv-header-id-meta":"","stick-header-meta":"","header-above-stick-meta":"","header-main-stick-meta":"","header-below-stick-meta":"","astra-migrate-meta-layouts":"set","ast-page-background-enabled":"default","ast-page-background-meta":{"desktop":{"background-color":"var(--ast-global-color-4)","background-image":"","background-repeat":"repeat","background-position":"center center","background-size":"auto","background-attachment":"scroll","background-type":"","background-media":"","overlay-type":"","overlay-color":"","overlay-opacity":"","overlay-gradient":""},"tablet":{"background-color":"","background-image":"","background-repeat":"repeat","background-position":"center center","background-size":"auto","background-attachment":"scroll","background-type":"","background-media":"","overlay-type":"","overlay-color":"","overlay-opacity":"","overlay-gradient":""},"mobile":{"background-color":"","background-image":"","background-repeat":"repeat","background-position":"center center","background-size":"auto","background-attachment":"scroll","background-type":"","background-media":"","overlay-type":"","overlay-color":"","overlay-opacity":"","overlay-gradient":""}},"ast-content-background-meta":{"desktop":{"background-color":"var(--ast-global-color-5)","background-image":"","background-repeat":"repeat","background-position":"center center","background-size":"auto","background-attachment":"scroll","background-type":"","background-media":"","overlay-type":"","overlay-color":"","overlay-opacity":"","overlay-gradient":""},"tablet":{"background-color":"var(--ast-global-color-5)","background-image":"","background-repeat":"repeat","background-position":"center center","background-size":"auto","background-attachment":"scroll","background-type":"","background-media":"","overlay-type":"","overlay-color":"","overlay-opacity":"","overlay-gradient":""},"mobile":{"background-color":"var(--ast-global-color-5)","background-image":"","background-repeat":"repeat","background-position":"center center","background-size":"auto","background-attachment":"scroll","background-type":"","background-media":"","overlay-type":"","overlay-color":"","overlay-opacity":"","overlay-gradient":""}},"footnotes":""},"class_list":["post-2745","page","type-page","status-publish","hentry"],"uagb_featured_image_src":{"full":false,"thumbnail":false,"medium":false,"medium_large":false,"large":false,"1536x1536":false,"2048x2048":false,"trp-custom-language-flag":false},"uagb_author_info":{"display_name":"Sarah Wohlfahrt","author_link":"https:\/\/ensemble-handwerk.eu\/en\/author\/sarah\/"},"uagb_comment_info":0,"uagb_excerpt":"Termine 25_April_2026_15 Uhr 26_April_2026_11 Uhr WERK\u00b0STADT Witten The Redheaded Man_Chaya Czernowin 29_Mai_2026Hamburg @ blurred edges 2026 11_September_2026_20 UhrAlte Feuerwache, K\u00f6ln (B\u00fchne) HW26C_#3 CzernowinThe Redheaded Man 27_Oktober_2026_20 UhrAlte Feuerwache, K\u00f6ln (B\u00fchne) HW26C_#4 GUTE MUSIK (8) 15_Dezember_2026_20 UhrAlte Feuerwache, K\u00f6ln (B\u00fchne) HW26C_#5 Groupe des Sicks","_links":{"self":[{"href":"https:\/\/ensemble-handwerk.eu\/en\/wp-json\/wp\/v2\/pages\/2745","targetHints":{"allow":["GET"]}}],"collection":[{"href":"https:\/\/ensemble-handwerk.eu\/en\/wp-json\/wp\/v2\/pages"}],"about":[{"href":"https:\/\/ensemble-handwerk.eu\/en\/wp-json\/wp\/v2\/types\/page"}],"author":[{"embeddable":true,"href":"https:\/\/ensemble-handwerk.eu\/en\/wp-json\/wp\/v2\/users\/15"}],"replies":[{"embeddable":true,"href":"https:\/\/ensemble-handwerk.eu\/en\/wp-json\/wp\/v2\/comments?post=2745"}],"version-history":[{"count":63,"href":"https:\/\/ensemble-handwerk.eu\/en\/wp-json\/wp\/v2\/pages\/2745\/revisions"}],"predecessor-version":[{"id":4572,"href":"https:\/\/ensemble-handwerk.eu\/en\/wp-json\/wp\/v2\/pages\/2745\/revisions\/4572"}],"wp:attachment":[{"href":"https:\/\/ensemble-handwerk.eu\/en\/wp-json\/wp\/v2\/media?parent=2745"}],"curies":[{"name":"wp","href":"https:\/\/api.w.org\/{rel}","templated":true}]}}