{"id":2769,"date":"2023-05-31T20:43:00","date_gmt":"2023-05-31T18:43:00","guid":{"rendered":"http:\/\/ensemble-handwerk.eu\/?page_id=2769"},"modified":"2025-12-08T16:01:24","modified_gmt":"2025-12-08T14:01:24","slug":"ensemble","status":"publish","type":"page","link":"https:\/\/ensemble-handwerk.eu\/en\/ensemble\/","title":{"rendered":"ensemble"},"content":{"rendered":"\n<div class=\"wp-block-uagb-container uagb-block-db9910d9 alignfull uagb-is-root-container\"><div class=\"uagb-container-inner-blocks-wrap\">\n<div class=\"wp-block-uagb-advanced-heading uagb-block-6f34b5d0\"><h1 class=\"uagb-heading-text\">Ensemble<\/h1><\/div>\n<\/div><\/div>\n\n\n\n<div class=\"wp-block-uagb-image aligncenter uagb-block-1746cdef wp-block-uagb-image--layout-default wp-block-uagb-image--effect-static wp-block-uagb-image--align-center\"><figure class=\"wp-block-uagb-image__figure\"><img decoding=\"async\" srcset=\"https:\/\/ensemble-handwerk.eu\/wp-content\/uploads\/2024\/03\/2024_Ensemble-Handwerk-web-3.jpg ,https:\/\/ensemble-handwerk.eu\/wp-content\/uploads\/2024\/03\/2024_Ensemble-Handwerk-web-3.jpg 780w, https:\/\/ensemble-handwerk.eu\/wp-content\/uploads\/2024\/03\/2024_Ensemble-Handwerk-web-3.jpg 360w\" sizes=\"auto, (max-width: 480px) 150px\" src=\"https:\/\/ensemble-handwerk.eu\/wp-content\/uploads\/2024\/03\/2024_Ensemble-Handwerk-web-3.jpg\" alt=\"\" class=\"uag-image-4123\" width=\"1500\" height=\"1000\" title=\"\" loading=\"lazy\" role=\"img\"\/><\/figure><\/div>\n\n\n\n<div class=\"wp-block-uagb-container uagb-block-1831b245 alignfull uagb-is-root-container\"><div class=\"uagb-container-inner-blocks-wrap\">\n<div class=\"wp-block-uagb-container uagb-block-17064f83\">\n<div class=\"wp-block-uagb-advanced-heading uagb-block-c0803a07\"><h1 class=\"uagb-heading-text\">hand werk <br>[`hand v\u025brk]<\/h1><\/div>\n\n\n\n<div class=\"wp-block-uagb-advanced-heading uagb-block-fed82f8f\"><h6 class=\"uagb-heading-text\">Daniel Agi_ Fl\u00f6te<br>Heni Hyunjung Kim_ Klarinette<br>Jae A Shin _ Violine<br>Niklas Seidl_ Violoncello<br>Thibaut Surugue_ Klavier<br>Moritz Koch_ Schlagzeug<\/h6><\/div>\n<\/div>\n\n\n\n<div class=\"wp-block-uagb-container uagb-block-b9297fd1\">\n<p>hand werk&nbsp;steht seit seiner Gr\u00fcndung 2011 in K\u00f6ln f\u00fcr Nachhaltigkeit und Wiederverwertung sowie f\u00fcr h\u00f6chstes k\u00fcnstlerisches Niveau auf dem Gebiet der zeitgen\u00f6ssischen Kammermusik.&nbsp;Dabei hat sich das Ensemble besonders dem Erarbeiten und Auff\u00fchren von Werken verschrieben, die nach ihrer Urauff\u00fchrung zu Unrecht in Vergessenheit geraten sind&nbsp;und&nbsp;durchaus Potenzial f\u00fcr eine gut erarbeitete Wiederauff\u00fchrung haben.&nbsp;In seiner k\u00fcnstlerischen Arbeit besinnt sich&nbsp;hand werk&nbsp;auf den namensgebenden Leitgedanken des traditionellen Handwerks, bei welchem anstelle von Gewinnoptimierung der Entstehungsprozess neben Sorgfalt und Qualit\u00e4t im Vordergrund steht.&nbsp;Durch diesen Fokus leistet&nbsp;hand werk&nbsp;einen entscheidenden Beitrag zur langfristigen Pflege neuester Musik und stellt so eine Verbindung zwischen Progressivit\u00e4t und Konstanz her.<\/p>\n\n\n\n<p>Die Pierrot-Besetzung mit Schlagzeug sowie ihre Erweiterung um alternative Instrumente \u2013 z.&nbsp;B. Alltagsgegenst\u00e4nde, Selbstgebautes oder Elektronik \u2013 erm\u00f6glichen es den sechs&nbsp;Musiker*innen, ein breites Spektrum an Kompositionen zu bedienen. Sowohl im festen Repertoire des Ensembles als auch bei interdisziplin\u00e4ren Projekten im Bereich der experimentellen Kunst, des Musiktheaters oder anderer performativer Formate spiegelt sich diese Diversit\u00e4t wider.<\/p>\n\n\n\n<p>hand werk&nbsp;ist zu Gast bei Festivals wie den&nbsp;Wittener Tagen f\u00fcr Neue Kammermusik, den&nbsp;Darmst\u00e4dter Ferienkursen, den&nbsp;Bayreuther Festspielen,&nbsp;Ultraschall Berlin,&nbsp;der M\u00fcnchener&nbsp;Biennale, Ruhrtriennale, Klangzeit M\u00fcnster, Niedersachsen Festival, NOW! Festival Essen, Acht Br\u00fccken&nbsp;K\u00f6ln, Zagreb Biennale, Crossroads Festival in Salzburg, Transart Festival, impuls Festival Graz, Gaudeamus Festival und Warschauer Herbst und war ferner an der Produktion mehrerer CDs und Rundfunkbeitr\u00e4ge beteiligt: Timothy McCormack: Apparatus \/ Myunghoon Park: Seeds (Wittener Tage F\u00fcr Neue Kammermusik, Kulturforum Witten 2012), kurzwelle (ON \u2013 Neue Musik K\u00f6ln, 2017), Lisa Streich: Piet\u00e0 (Wergo, 2018) mit dem Beitrag des titelgebenden St\u00fcckes f\u00fcr motorisiertes Cello und Ensemble sowie Sergej Maingardt: Rush (Wergo, 2021) mit dem St\u00fcck SMOG.&nbsp;Konzertreisen f\u00fchrten das Ensemble in die USA, nach Australien und in zahlreiche L\u00e4nder Asien und Europas.&nbsp;hand werk&nbsp;arbeitet seit seiner Gr\u00fcndung intensiv an der Entwicklung eigener neuer Formate wie der aktuellen Konzertreihe HW23C_.<\/p>\n\n\n\n<p>F\u00fcr die Jahre 2025-2027 erh\u00e4lt hand werk Ensemblef\u00f6rderung durch das Ministerium f\u00fcr Kultur und Wissenschaft NRW. <\/p>\n<\/div>\n<\/div><\/div>\n\n\n\n<div class=\"wp-block-uagb-container uagb-block-16610a24 alignfull uagb-is-root-container\"><div class=\"uagb-container-inner-blocks-wrap\">\n<div class=\"wp-block-uagb-container uagb-block-3ec9b6a6\">\n<div class=\"wp-block-uagb-advanced-heading uagb-block-9b6f635b\"><h2 class=\"uagb-heading-text\">Kurzfassung<\/h2><\/div>\n<\/div>\n\n\n\n<div class=\"wp-block-uagb-container uagb-block-6f6a7a3e\">\n<p class=\"has-ast-global-color-5-color has-text-color\">Das sechsk\u00f6pfige Kammermusikensemble hand werk, 2011 in K\u00f6ln gegr\u00fcndet, steht f\u00fcr nachhaltige Repertoirepflege, genussvolle Pr\u00e4zision sowie f\u00fcr h\u00f6chstes k\u00fcnstlerisches Niveau auf dem Gebiet der zeitgen\u00f6ssischen Musik. hand werk ist zu Gast bei Festivals wie den Darmst\u00e4dter Ferienkursen, Bayreuther Festspielen, Ultraschall Berlin, NOW! Essen, Zagreb Biennale, impuls Festival, Gaudeamus Festival sowie Warschauer Herbst und ist an der Produktion mehrerer CDs beteiligt.<\/p>\n<\/div>\n<\/div><\/div>\n","protected":false},"excerpt":{"rendered":"<p>Ensemble hand werk [`hand v\u025brk] Daniel Agi_ Fl\u00f6teHeni Hyunjung Kim_ KlarinetteJae A Shin _ ViolineNiklas Seidl_ VioloncelloThibaut Surugue_ KlavierMoritz Koch_ Schlagzeug hand werk&nbsp;steht seit seiner Gr\u00fcndung 2011 in K\u00f6ln f\u00fcr Nachhaltigkeit und Wiederverwertung sowie f\u00fcr h\u00f6chstes k\u00fcnstlerisches Niveau auf dem Gebiet der zeitgen\u00f6ssischen Kammermusik.&nbsp;Dabei hat sich das Ensemble besonders dem Erarbeiten und Auff\u00fchren von Werken [&hellip;]<\/p>\n","protected":false},"author":15,"featured_media":0,"parent":0,"menu_order":0,"comment_status":"closed","ping_status":"closed","template":"","meta":{"_uag_custom_page_level_css":"","site-sidebar-layout":"default","site-content-layout":"","ast-site-content-layout":"default","site-content-style":"default","site-sidebar-style":"default","ast-global-header-display":"","ast-banner-title-visibility":"","ast-main-header-display":"","ast-hfb-above-header-display":"","ast-hfb-below-header-display":"","ast-hfb-mobile-header-display":"","site-post-title":"disabled","ast-breadcrumbs-content":"","ast-featured-img":"","footer-sml-layout":"","ast-disable-related-posts":"","theme-transparent-header-meta":"","adv-header-id-meta":"","stick-header-meta":"","header-above-stick-meta":"","header-main-stick-meta":"","header-below-stick-meta":"","astra-migrate-meta-layouts":"set","ast-page-background-enabled":"default","ast-page-background-meta":{"desktop":{"background-color":"var(--ast-global-color-4)","background-image":"","background-repeat":"repeat","background-position":"center center","background-size":"auto","background-attachment":"scroll","background-type":"","background-media":"","overlay-type":"","overlay-color":"","overlay-opacity":"","overlay-gradient":""},"tablet":{"background-color":"","background-image":"","background-repeat":"repeat","background-position":"center center","background-size":"auto","background-attachment":"scroll","background-type":"","background-media":"","overlay-type":"","overlay-color":"","overlay-opacity":"","overlay-gradient":""},"mobile":{"background-color":"","background-image":"","background-repeat":"repeat","background-position":"center center","background-size":"auto","background-attachment":"scroll","background-type":"","background-media":"","overlay-type":"","overlay-color":"","overlay-opacity":"","overlay-gradient":""}},"ast-content-background-meta":{"desktop":{"background-color":"var(--ast-global-color-5)","background-image":"","background-repeat":"repeat","background-position":"center center","background-size":"auto","background-attachment":"scroll","background-type":"","background-media":"","overlay-type":"","overlay-color":"","overlay-opacity":"","overlay-gradient":""},"tablet":{"background-color":"var(--ast-global-color-5)","background-image":"","background-repeat":"repeat","background-position":"center center","background-size":"auto","background-attachment":"scroll","background-type":"","background-media":"","overlay-type":"","overlay-color":"","overlay-opacity":"","overlay-gradient":""},"mobile":{"background-color":"var(--ast-global-color-5)","background-image":"","background-repeat":"repeat","background-position":"center center","background-size":"auto","background-attachment":"scroll","background-type":"","background-media":"","overlay-type":"","overlay-color":"","overlay-opacity":"","overlay-gradient":""}},"footnotes":""},"class_list":["post-2769","page","type-page","status-publish","hentry"],"uagb_featured_image_src":{"full":false,"thumbnail":false,"medium":false,"medium_large":false,"large":false,"1536x1536":false,"2048x2048":false,"trp-custom-language-flag":false},"uagb_author_info":{"display_name":"Sarah Wohlfahrt","author_link":"https:\/\/ensemble-handwerk.eu\/en\/author\/sarah\/"},"uagb_comment_info":0,"uagb_excerpt":"Ensemble hand werk [`hand v\u025brk] Daniel Agi_ Fl\u00f6teHeni Hyunjung Kim_ KlarinetteJae A Shin _ ViolineNiklas Seidl_ VioloncelloThibaut Surugue_ KlavierMoritz Koch_ Schlagzeug hand werk&nbsp;steht seit seiner Gr\u00fcndung 2011 in K\u00f6ln f\u00fcr Nachhaltigkeit und Wiederverwertung sowie f\u00fcr h\u00f6chstes k\u00fcnstlerisches Niveau auf dem Gebiet der zeitgen\u00f6ssischen Kammermusik.&nbsp;Dabei hat sich das Ensemble besonders dem Erarbeiten und Auff\u00fchren von Werken&hellip;","_links":{"self":[{"href":"https:\/\/ensemble-handwerk.eu\/en\/wp-json\/wp\/v2\/pages\/2769","targetHints":{"allow":["GET"]}}],"collection":[{"href":"https:\/\/ensemble-handwerk.eu\/en\/wp-json\/wp\/v2\/pages"}],"about":[{"href":"https:\/\/ensemble-handwerk.eu\/en\/wp-json\/wp\/v2\/types\/page"}],"author":[{"embeddable":true,"href":"https:\/\/ensemble-handwerk.eu\/en\/wp-json\/wp\/v2\/users\/15"}],"replies":[{"embeddable":true,"href":"https:\/\/ensemble-handwerk.eu\/en\/wp-json\/wp\/v2\/comments?post=2769"}],"version-history":[{"count":37,"href":"https:\/\/ensemble-handwerk.eu\/en\/wp-json\/wp\/v2\/pages\/2769\/revisions"}],"predecessor-version":[{"id":4511,"href":"https:\/\/ensemble-handwerk.eu\/en\/wp-json\/wp\/v2\/pages\/2769\/revisions\/4511"}],"wp:attachment":[{"href":"https:\/\/ensemble-handwerk.eu\/en\/wp-json\/wp\/v2\/media?parent=2769"}],"curies":[{"name":"wp","href":"https:\/\/api.w.org\/{rel}","templated":true}]}}