{"id":2847,"date":"2023-05-31T23:47:52","date_gmt":"2023-05-31T21:47:52","guid":{"rendered":"http:\/\/ensemble-handwerk.eu\/?page_id=2847"},"modified":"2025-01-08T17:58:34","modified_gmt":"2025-01-08T15:58:34","slug":"mitglieder","status":"publish","type":"page","link":"https:\/\/ensemble-handwerk.eu\/en\/mitglieder\/","title":{"rendered":"mitglieder"},"content":{"rendered":"<div class=\"wp-block-uagb-container uagb-block-5888e8ec alignfull uagb-is-root-container\"><div class=\"uagb-container-inner-blocks-wrap\">\n<div class=\"wp-block-uagb-advanced-heading uagb-block-265a160e\"><h1 class=\"uagb-heading-text\">Members<\/h1><\/div>\n<\/div><\/div>\n\n\n\n<div class=\"wp-block-uagb-container uagb-block-eb95e406 alignfull uagb-is-root-container\"><div class=\"uagb-container-inner-blocks-wrap\">\n<div class=\"wp-block-uagb-container uagb-block-f9adf011\">\n<div class=\"wp-block-uagb-advanced-heading uagb-block-91630ebf\"><h2 class=\"uagb-heading-text\">Daniel Agi<\/h2><p class=\"uagb-desc-text\">Flute<\/p><\/div>\n\n\n\n<div class=\"wp-block-uagb-advanced-heading uagb-block-9936b116\"><h6 class=\"uagb-heading-text\"><a href=\"mailto:daniel@ensemble-handwerk.eu\">daniel@ensemble-handwerk.eu<\/a><br><a href=\"http:\/\/www.daniel-agi.de\/\">www.daniel-agi.de<\/a><\/h6><\/div>\n<\/div>\n\n\n\n<div class=\"wp-block-uagb-container uagb-block-319b57b0\">\n<div class=\"wp-block-uagb-image uagb-block-b783e667 wp-block-uagb-image--layout-default wp-block-uagb-image--effect-static wp-block-uagb-image--align-none\"><figure class=\"wp-block-uagb-image__figure\"><img decoding=\"async\" srcset=\"https:\/\/ensemble-handwerk.eu\/wp-content\/uploads\/2021\/03\/DA-01_\u00a9Younggoo-Chang-web-1024x682.jpg \" sizes=\"auto, (max-width: 480px) 150px\" src=\"https:\/\/ensemble-handwerk.eu\/wp-content\/uploads\/2021\/03\/DA-01_\u00a9Younggoo-Chang-web-1024x682.jpg\" alt=\"\" class=\"uag-image-2164\" width=\"1024\" height=\"682\" title=\"\" loading=\"lazy\" role=\"img\"\/><\/figure><\/div>\n\n\n\n<p>Daniel Agi's fascination with the sheer inexhaustible wealth of forms of playing and aesthetics, as well as ever new challenges, are the reasons for his passion for contemporary music.<br>Daniel studied with Hans-Martin M\u00fcller and Robert Aitken in Cologne and Freiburg and earned a Master's degree at the International Ensemble Modern Academy.<br>He can be heard regularly with ensembles such as hand werk, of which he is a founding member, and the Hannover-based Das Neue Ensemble.\nHe is also at home playing classical repertoire as a soloist, chamber and orchestral musician and often appears as a guest with the Duisburg and D\u00fcsseldorf Philharmonic Orchestras and the Ensemble musikFabrik.<br>As a teacher, Daniel Agi has passed on his knowledge in workshops at Harvard University, the Yong Siew Toh Conservatory of Music, Singapore and the Musikhochschule Dresden.<\/p>\n<\/div>\n<\/div><\/div>\n\n\n\n<div class=\"wp-block-uagb-container uagb-block-7b00e8c1 alignfull uagb-is-root-container\"><div class=\"uagb-container-inner-blocks-wrap\">\n<div class=\"wp-block-uagb-container uagb-block-7af3ad00\">\n<div class=\"wp-block-uagb-advanced-heading uagb-block-71763317\"><h2 class=\"uagb-heading-text\">Heni Hyunjung Kim<\/h2><p class=\"uagb-desc-text\">Clarinet<\/p><\/div>\n\n\n\n<div class=\"wp-block-uagb-advanced-heading uagb-block-57e65093\"><h6 class=\"uagb-heading-text\"><a href=\"mailto:heni@ensemble-handwerk.eu\">heni@ensemble-handwerk.eu<\/a><br><a rel=\"noreferrer noopener\" href=\"http:\/\/www.heni.kim.com\/\" target=\"_blank\">www.henikim.com<\/a><\/h6><\/div>\n<\/div>\n\n\n\n<div class=\"wp-block-uagb-container uagb-block-46c2d64f\">\n<div class=\"wp-block-uagb-image aligncenter uagb-block-983ea27f wp-block-uagb-image--layout-default wp-block-uagb-image--effect-static wp-block-uagb-image--align-center\"><figure class=\"wp-block-uagb-image__figure\"><img decoding=\"async\" srcset=\"https:\/\/ensemble-handwerk.eu\/wp-content\/uploads\/2021\/04\/HE-02_\u00a9Younggoo-Chang-web-1024x684.jpg \" sizes=\"auto, (max-width: 480px) 150px\" src=\"https:\/\/ensemble-handwerk.eu\/wp-content\/uploads\/2021\/04\/HE-02_\u00a9Younggoo-Chang-web-1024x684.jpg\" alt=\"\" class=\"uag-image-2179\" width=\"1024\" height=\"684\" title=\"\" loading=\"lazy\" role=\"img\"\/><\/figure><\/div>\n\n\n\n<p>Heni Hyunjung Kim, born in Seoul South Korea, studied at the Musikhochschule K\u00f6ln (Wuppertal) (Diploma) and on the Master of New Music and Professional Performance programmes at the Folkwang University of the Arts, Essen. In 2016\/17 she was a scholarship holder at the International Ensemble Modern Academy Frankfurt.<br>Since 2012 she has been intensively involved with contemporary music and has performed nationally and internationally at various festivals and projects, including Manifeste2018 in Paris, Wittener Musiktage, Time of Music Festival in Viitasaari, Gaudeamus Muziekweek in Utrecht, International Summer Courses for New Music in Darmstadt, KunstFestSpiele in Hanover, 'NOW' Festival in Essen, International New Music Festival in Yeongnam and in Naju in South Korea. She has given workshops on contemporary techniques on the clarinet for young composers in South Korea. In 2013 she received the Interpretation Prize at the Stockhausen Courses in K\u00fcrten with \"Mikrophonie I\" as a member of the Folkwang Modern Ensemble.<br>Her work is characterised by collaborations with composers such as Helmut Lachenmann, Dieter Schnebel, Gerhard St\u00e4bler, G\u00fcnter Steinke, Johannes Sch\u00f6llhorn, Heiner Goebbels, Kunsu Shim and Gordon Kampe.<br>Heni regularly performs in various formations: as a founding member of the contemporary ensemble S201, with the Ensemble Consord, in solo concerts as well as part of interdisciplinary collaborations.<\/p>\n<\/div>\n<\/div><\/div>\n\n\n\n<div class=\"wp-block-uagb-container uagb-block-f36fd0f3 alignfull uagb-is-root-container\"><div class=\"uagb-container-inner-blocks-wrap\">\n<div class=\"wp-block-uagb-container uagb-block-b05c7430\">\n<div class=\"wp-block-uagb-advanced-heading uagb-block-47015247\"><h2 class=\"uagb-heading-text\">Jae A Shin<\/h2><p class=\"uagb-desc-text\">Violin<\/p><\/div>\n\n\n\n<div class=\"wp-block-uagb-advanced-heading uagb-block-4df783fe\"><h6 class=\"uagb-heading-text\"><a href=\"mailto:jae-a@ensemble-handwerk.eu\">jae-a@ensemble-handwerk.eu<\/a><\/h6><\/div>\n<\/div>\n\n\n\n<div class=\"wp-block-uagb-container uagb-block-158277db\">\n<div class=\"wp-block-uagb-image aligncenter uagb-block-177835d1 wp-block-uagb-image--layout-default wp-block-uagb-image--effect-static wp-block-uagb-image--align-center\"><figure class=\"wp-block-uagb-image__figure\"><img decoding=\"async\" srcset=\"https:\/\/ensemble-handwerk.eu\/wp-content\/uploads\/2023\/12\/image1-1024x768.jpeg ,https:\/\/ensemble-handwerk.eu\/wp-content\/uploads\/2023\/12\/image1.jpeg 780w, https:\/\/ensemble-handwerk.eu\/wp-content\/uploads\/2023\/12\/image1.jpeg 360w\" sizes=\"auto, (max-width: 480px) 150px\" src=\"https:\/\/ensemble-handwerk.eu\/wp-content\/uploads\/2023\/12\/image1-1024x768.jpeg\" alt=\"\" class=\"uag-image-4027\" width=\"1024\" height=\"684\" title=\"\" loading=\"lazy\" role=\"img\"\/><\/figure><\/div>\n\n\n\n<p>Jae A Shin studied New Music at the Folkwang UdK Essen with Barbara Maurer and G\u00fcnter Steinke and was at the International Ensemble Modern Academy in Frankfurt 2020\/21. During this time she produced two CDs with Ensemble Modern - 40 miniatures for the anniversary \"Beschrenkt\" and \"A House of Call - My Imaginary Notebook\" by H. Goebbels. She has performed at numerous festivals, such as the NOW! Festival Essen, the Berliner Festspiele, Wittener Tage f\u00fcr neue Kammermusik, impuls Festival Graz, Wien Modern, Daegu International Contemporary Music Festival in Korea and at the same time as a soloist in Germany, Belgium, Switzerland and Korea. In the field of New Music she has collaborated with many composers and artists such as Manos Tsangaris, Fran<em>\u00e7<\/em>ois Sarhan, Mark Andre and G\u00fcnter Steinke, premiering many works and playing live music at various exhibitions. She can currently be seen as a guest violinist at Staatstheater Mainz, Schauspielhaus Bochum and also as a composer at Schauspiel K\u00f6ln.<\/p>\n<\/div>\n<\/div><\/div>\n\n\n\n<div class=\"wp-block-uagb-container uagb-block-683b43ca alignfull uagb-is-root-container\"><div class=\"uagb-container-inner-blocks-wrap\">\n<div class=\"wp-block-uagb-container uagb-block-057b89e9\">\n<div class=\"wp-block-uagb-advanced-heading uagb-block-9be69f4e\"><h2 class=\"uagb-heading-text\">Niklas Seidl<\/h2><p class=\"uagb-desc-text\">Violoncello<\/p><\/div>\n\n\n\n<div class=\"wp-block-uagb-advanced-heading uagb-block-72f31a89\"><h6 class=\"uagb-heading-text\"><a href=\"mailto:niklas@ensemble-handwerk.eu\">niklas@ensemble-handwerk.eu<\/a><br><a rel=\"noreferrer noopener\" href=\"http:\/\/www.niklas-seidl.eu\/\" target=\"_blank\">www.niklas-seidl.eu<\/a><\/h6><\/div>\n<\/div>\n\n\n\n<div class=\"wp-block-uagb-container uagb-block-e8754959\">\n<div class=\"wp-block-uagb-image uagb-block-d1a332fc wp-block-uagb-image--layout-default wp-block-uagb-image--effect-static wp-block-uagb-image--align-none\"><figure class=\"wp-block-uagb-image__figure\"><img decoding=\"async\" srcset=\"https:\/\/ensemble-handwerk.eu\/wp-content\/uploads\/2021\/04\/NI-01_\u00a9Younggoo-Chang-web-1024x683.jpg \" sizes=\"auto, (max-width: 480px) 150px\" src=\"https:\/\/ensemble-handwerk.eu\/wp-content\/uploads\/2021\/04\/NI-01_\u00a9Younggoo-Chang-web-1024x683.jpg\" alt=\"\" class=\"uag-image-2182\" width=\"1024\" height=\"683\" title=\"\" loading=\"lazy\" role=\"img\"\/><\/figure><\/div>\n\n\n\n<p>Niklas Seidl is an artist specialising in cello and composition. \nHe is a member of ensemble mosaik (Berlin), hand werk (Cologne) and leise dr\u00f6hnung (Frankfurt).<br>As a guest he performed with Klangforum Wien, Ensemble musikFabrik, the Stuttgarter Vocalsolisten, Ensemble ascolta, SCHOLA Heidelberg, the Regensburger Domspatzen, mam, the HR-Symphonieorchester among others.<br>His instrumental compositions have been performed at Eclat Festival, Wien Modern, Lucerne Festival, Acht Br\u00fccken K\u00f6ln, at the Darmst\u00e4dter Ferienkurse, at Schloss Solitude as well as on Deutschlandfunk K\u00f6ln by ensembles such as ensemble ascolta, musikFabrik, Th\u00fcrmchen Ensemble, mosaik, hand werk, Exaudi London, La Musica Schiffosa, Schlagquartett K\u00f6ln, IEMA Frankfurt, Ning Ensemble, Ensemble Garage, Jetpack Bellerive, Ensemble Apparat and mam. His work has been on the radio in the form of portrait programmes (BR; HR, DLF, Dradio Kultur). \nAmong others, he received the Bernd-Alois-Zimmermann-Stipendium 2012, a Scholarship at K\u00fcnstlerhof Schreyahn 2014, a Scholarship of Kunststiftung NRW, of the Academy of Arts as well as the Sebastian-Koch-Preis Vienna in 2018.<br>He was also an ultimate frisbee player in the Faroe Islands national team from 1998-2012.<br>Together with the artist Paulette Penje, he created various film works in the duo KOMB\u00dcSE and in the entertainment series with Paul H\u00fcbner.<br>He lives in Cologne and Berlin and photographs things.<\/p>\n<\/div>\n<\/div><\/div>\n\n\n\n<div class=\"wp-block-uagb-container uagb-block-5f167edc alignfull uagb-is-root-container\"><div class=\"uagb-container-inner-blocks-wrap\">\n<div class=\"wp-block-uagb-container uagb-block-5dbc5a61\">\n<div class=\"wp-block-uagb-advanced-heading uagb-block-4f541707\"><h2 class=\"uagb-heading-text\">Thibaut Surugue<\/h2><p class=\"uagb-desc-text\">Piano<\/p><\/div>\n\n\n\n<div class=\"wp-block-uagb-advanced-heading uagb-block-e313e9d0\"><h6 class=\"uagb-heading-text\"><a href=\"mailto:thibaut@ensemble-handwerk.eu\">thibaut@ensemble-handwerk.eu<\/a><br><a href=\"https:\/\/thibautsurugue.wixsite.com\/home\">www.thibautsurugue.eu<\/a><\/h6><\/div>\n<\/div>\n\n\n\n<div class=\"wp-block-uagb-container uagb-block-e612d306\">\n<div class=\"wp-block-uagb-image uagb-block-e32f1ea1 wp-block-uagb-image--layout-default wp-block-uagb-image--effect-static wp-block-uagb-image--align-none\"><figure class=\"wp-block-uagb-image__figure\"><img decoding=\"async\" srcset=\"https:\/\/ensemble-handwerk.eu\/wp-content\/uploads\/2024\/03\/2023-04-30-Thibaut-Surugue-1-2-1024x683.jpg ,https:\/\/ensemble-handwerk.eu\/wp-content\/uploads\/2024\/03\/2023-04-30-Thibaut-Surugue-1-2-scaled.jpg 780w, https:\/\/ensemble-handwerk.eu\/wp-content\/uploads\/2024\/03\/2023-04-30-Thibaut-Surugue-1-2-scaled.jpg 360w\" sizes=\"auto, (max-width: 480px) 150px\" src=\"https:\/\/ensemble-handwerk.eu\/wp-content\/uploads\/2024\/03\/2023-04-30-Thibaut-Surugue-1-2-1024x683.jpg\" alt=\"\" class=\"uag-image-4139\" width=\"1024\" height=\"683\" title=\"\" loading=\"lazy\" role=\"img\"\/><\/figure><\/div>\n\n\n\n<p>Thibaut Surugue received his Bachelor degree in Paris in the studio of Hortense Cartier-Bresson, his master\u2019s degree and \"Concertmusicus\" with great distinction at the Koninklijk Conservatorium Brussel in the studio of Jan Michiels and graduated with highest honours from the Master of New Piano Music from the class of Prof. Pierre-Laurent Aimard in Cologne (Germany). He was also a scholarship holder of the International Ensemble Modern Academy, Frankfurt. He holds several degrees and diplomas in musicology (University of Paris La Sorbonne) and music theory. In 2021 he received the Scholarship of Land NRW, Germany and is winner of numerous international piano competitions. His extensive activity in the field of contemporary music has led him to work with Ensemble Musikfabrik, Ensemble Modern, 2e2m (Paris). As a soloist or with an ensemble, he has played for productions of WDR and Deutschlandfunk. His studio recordings also include piano works by Debussy, Bart\u00f3k, Brahms, Mozart, Haydn and Faur\u00e9, and more recently by Georg Kr\u00f6ll and Francisco C. Goldschmidt for WDR. Thibaut teaches new piano music at Folkwang University of the Arts in Essen.<\/p>\n<\/div>\n<\/div><\/div>\n\n\n\n<div class=\"wp-block-uagb-container uagb-block-67f21b0f alignfull uagb-is-root-container\"><div class=\"uagb-container-inner-blocks-wrap\">\n<div class=\"wp-block-uagb-container uagb-block-906cfd54\">\n<div class=\"wp-block-uagb-advanced-heading uagb-block-90ca6549\"><h2 class=\"uagb-heading-text\">Moritz Koch<\/h2><p class=\"uagb-desc-text\">Percussion<\/p><\/div>\n\n\n\n<div class=\"wp-block-uagb-advanced-heading uagb-block-d7a6a5a9\"><h6 class=\"uagb-heading-text\"><a href=\"mailto:moritz@ensemble-handwerk.eu\">moritz@ensemble-handwerk.eu<\/a><\/h6><\/div>\n<\/div>\n\n\n\n<div class=\"wp-block-uagb-container uagb-block-5b826fd3\">\n<div class=\"wp-block-uagb-image uagb-block-20b1fcc1 wp-block-uagb-image--layout-default wp-block-uagb-image--effect-static wp-block-uagb-image--align-none\"><figure class=\"wp-block-uagb-image__figure\"><img decoding=\"async\" srcset=\"https:\/\/ensemble-handwerk.eu\/wp-content\/uploads\/2022\/12\/c-Barbara-Fahle-1024x650.jpeg \" sizes=\"auto, (max-width: 480px) 150px\" src=\"https:\/\/ensemble-handwerk.eu\/wp-content\/uploads\/2022\/12\/c-Barbara-Fahle-1024x650.jpeg\" alt=\"\" class=\"uag-image-2602\" width=\"1024\" height=\"650\" title=\"\" loading=\"lazy\" role=\"img\"\/><\/figure><\/div>\n\n\n\n<p>Moritz Koch (*1997) arbeitet regelm\u00e4\u00dfig mit international bekannten Ensembles, wie MusikFabrik, Ensemle Modern, NoTabu und vielen anderen.&nbsp;Von 2015-2019 studierte er bei Olaf Tzschoppe an der HfK Bremen. 2021 schloss er sein Masterstudium bei Rainer R\u00f6mer mit Bestnote sowie 2023 sein Konzertexamen an der HfMT K\u00f6ln mit Auszeichnung ab. Bis 2023 war er Stipendiat bei Tonali Hamburg sowie in der Spielzeit 2020\/21 bei der Ensemble Modern Akademie.<br>His concert activities range from jazz drummer to opera productions with, among others, HR-Sinfonieorchester, the Deutsche Oper am Rhein, the Wiesbaden State Theater and the Bremen Philharmonic Orchestra. For several years he has focused on contemporary music and ensemble playing as well as working with contemporary composers. Concert tours in this area have taken him to Argentina, Thailand, China, Brazil, Israel, Poland, Denmark, Greece, the Netherlands, Austria and Germany, among others. He also produced CD recordings for NEOS and Kreuzberg Records.<\/p>\n<\/div>\n<\/div><\/div>\n\n\n\n<div class=\"wp-block-uagb-container uagb-block-ea884a32 alignfull uagb-is-root-container\"><div class=\"uagb-container-inner-blocks-wrap\">\n<div class=\"wp-block-uagb-container uagb-block-f3055c48\">\n<div class=\"wp-block-uagb-advanced-heading uagb-block-2f7f5996\"><h2 class=\"uagb-heading-text\">Hanna Fink<\/h2><p class=\"uagb-desc-text\">administration<\/p><\/div>\n\n\n\n<div class=\"wp-block-uagb-advanced-heading uagb-block-ae04769c\"><h6 class=\"uagb-heading-text\"><a href=\"mailto:hanna@ensemble-handwerk.eu\">hanna@ensemble-handwerk.eu<\/a><\/h6><\/div>\n<\/div>\n\n\n\n<div class=\"wp-block-uagb-container uagb-block-c0ab56e6\">\n<div class=\"wp-block-uagb-image uagb-block-d681a724 wp-block-uagb-image--layout-default wp-block-uagb-image--effect-static wp-block-uagb-image--align-none\"><figure class=\"wp-block-uagb-image__figure\"><img decoding=\"async\" srcset=\"https:\/\/ensemble-handwerk.eu\/wp-content\/uploads\/2021\/12\/hanna_fink.jpg \" sizes=\"auto, (max-width: 480px) 150px\" src=\"https:\/\/ensemble-handwerk.eu\/wp-content\/uploads\/2021\/12\/hanna_fink.jpg\" alt=\"\" class=\"uag-image-2352\" width=\"1000\" height=\"751\" title=\"\" loading=\"lazy\" role=\"img\"\/><\/figure><\/div>\n\n\n\n<p>Hanna Fink (*1991) studied art history and musicology at the University of Cologne (BA) and postgraduate studies in integrative music theory (MM) at the Folkwang University of the Arts in Essen. In addition to writing individual specialist articles and journalistic output as a member of the editorial team of NOIES and MusikTexte, she plays the piano and organ and is a trained and active church musician. She has a teaching position for music theory at the Folkwang University of the Arts and is active in the field of composition pedagogy and in various music outreach projects, including for the Philharmonie Essen. For several years she has been organising and hosting local as well as national concert and workshop formats for contemporary music. With a short interruption, she has been working for hand werk since 2018. She is currently also the chairperson of the Gesellschaft f\u00fcr Neue Musik Ruhr, based in Essen, as well as the cultural advisory board of the city of Essen.<\/p>\n<\/div>\n<\/div><\/div>","protected":false},"excerpt":{"rendered":"<p>Mitglieder Daniel Agi Fl\u00f6te daniel@ensemble-handwerk.euwww.daniel-agi.de Die Faszination f\u00fcr die schier unersch\u00f6pfliche F\u00fclle an Spielformen und \u00c4sthetiken sowie die immer neuen Herausforderungen begr\u00fcnden seine Leidenschaft f\u00fcr Neue Musik.Sein Studium absolvierte Daniel Agi bei Hans-Martin M\u00fcller und Robert Aitken in K\u00f6ln und Freiburg und erwarb an der Internationalen Ensemble Modern Akademie einen Master.Er ist als Solist, Kammer- [&hellip;]<\/p>\n","protected":false},"author":15,"featured_media":0,"parent":0,"menu_order":0,"comment_status":"closed","ping_status":"closed","template":"","meta":{"_uag_custom_page_level_css":"","site-sidebar-layout":"default","site-content-layout":"","ast-site-content-layout":"default","site-content-style":"default","site-sidebar-style":"default","ast-global-header-display":"","ast-banner-title-visibility":"","ast-main-header-display":"","ast-hfb-above-header-display":"","ast-hfb-below-header-display":"","ast-hfb-mobile-header-display":"","site-post-title":"disabled","ast-breadcrumbs-content":"","ast-featured-img":"","footer-sml-layout":"","ast-disable-related-posts":"","theme-transparent-header-meta":"","adv-header-id-meta":"","stick-header-meta":"","header-above-stick-meta":"","header-main-stick-meta":"","header-below-stick-meta":"","astra-migrate-meta-layouts":"set","ast-page-background-enabled":"default","ast-page-background-meta":{"desktop":{"background-color":"var(--ast-global-color-4)","background-image":"","background-repeat":"repeat","background-position":"center center","background-size":"auto","background-attachment":"scroll","background-type":"","background-media":"","overlay-type":"","overlay-color":"","overlay-opacity":"","overlay-gradient":""},"tablet":{"background-color":"","background-image":"","background-repeat":"repeat","background-position":"center center","background-size":"auto","background-attachment":"scroll","background-type":"","background-media":"","overlay-type":"","overlay-color":"","overlay-opacity":"","overlay-gradient":""},"mobile":{"background-color":"","background-image":"","background-repeat":"repeat","background-position":"center center","background-size":"auto","background-attachment":"scroll","background-type":"","background-media":"","overlay-type":"","overlay-color":"","overlay-opacity":"","overlay-gradient":""}},"ast-content-background-meta":{"desktop":{"background-color":"var(--ast-global-color-5)","background-image":"","background-repeat":"repeat","background-position":"center center","background-size":"auto","background-attachment":"scroll","background-type":"","background-media":"","overlay-type":"","overlay-color":"","overlay-opacity":"","overlay-gradient":""},"tablet":{"background-color":"var(--ast-global-color-5)","background-image":"","background-repeat":"repeat","background-position":"center center","background-size":"auto","background-attachment":"scroll","background-type":"","background-media":"","overlay-type":"","overlay-color":"","overlay-opacity":"","overlay-gradient":""},"mobile":{"background-color":"var(--ast-global-color-5)","background-image":"","background-repeat":"repeat","background-position":"center center","background-size":"auto","background-attachment":"scroll","background-type":"","background-media":"","overlay-type":"","overlay-color":"","overlay-opacity":"","overlay-gradient":""}},"footnotes":""},"class_list":["post-2847","page","type-page","status-publish","hentry"],"uagb_featured_image_src":{"full":false,"thumbnail":false,"medium":false,"medium_large":false,"large":false,"1536x1536":false,"2048x2048":false,"trp-custom-language-flag":false},"uagb_author_info":{"display_name":"Sarah Wohlfahrt","author_link":"https:\/\/ensemble-handwerk.eu\/en\/author\/sarah\/"},"uagb_comment_info":0,"uagb_excerpt":"Mitglieder Daniel Agi Fl\u00f6te daniel@ensemble-handwerk.euwww.daniel-agi.de Die Faszination f\u00fcr die schier unersch\u00f6pfliche F\u00fclle an Spielformen und \u00c4sthetiken sowie die immer neuen Herausforderungen begr\u00fcnden seine Leidenschaft f\u00fcr Neue Musik.Sein Studium absolvierte Daniel Agi bei Hans-Martin M\u00fcller und Robert Aitken in K\u00f6ln und Freiburg und erwarb an der Internationalen Ensemble Modern Akademie einen Master.Er ist als Solist, Kammer-&hellip;","_links":{"self":[{"href":"https:\/\/ensemble-handwerk.eu\/en\/wp-json\/wp\/v2\/pages\/2847","targetHints":{"allow":["GET"]}}],"collection":[{"href":"https:\/\/ensemble-handwerk.eu\/en\/wp-json\/wp\/v2\/pages"}],"about":[{"href":"https:\/\/ensemble-handwerk.eu\/en\/wp-json\/wp\/v2\/types\/page"}],"author":[{"embeddable":true,"href":"https:\/\/ensemble-handwerk.eu\/en\/wp-json\/wp\/v2\/users\/15"}],"replies":[{"embeddable":true,"href":"https:\/\/ensemble-handwerk.eu\/en\/wp-json\/wp\/v2\/comments?post=2847"}],"version-history":[{"count":33,"href":"https:\/\/ensemble-handwerk.eu\/en\/wp-json\/wp\/v2\/pages\/2847\/revisions"}],"predecessor-version":[{"id":4295,"href":"https:\/\/ensemble-handwerk.eu\/en\/wp-json\/wp\/v2\/pages\/2847\/revisions\/4295"}],"wp:attachment":[{"href":"https:\/\/ensemble-handwerk.eu\/en\/wp-json\/wp\/v2\/media?parent=2847"}],"curies":[{"name":"wp","href":"https:\/\/api.w.org\/{rel}","templated":true}]}}