{"id":2990,"date":"2023-06-02T07:11:32","date_gmt":"2023-06-02T05:11:32","guid":{"rendered":"http:\/\/ensemble-handwerk.eu\/?page_id=2990"},"modified":"2025-01-08T18:10:38","modified_gmt":"2025-01-08T16:10:38","slug":"kontakt","status":"publish","type":"page","link":"https:\/\/ensemble-handwerk.eu\/en\/kontakt\/","title":{"rendered":"Contact"},"content":{"rendered":"<div class=\"wp-block-uagb-container uagb-block-3b7258be alignfull uagb-is-root-container\"><div class=\"uagb-container-inner-blocks-wrap\">\n<div class=\"wp-block-uagb-advanced-heading uagb-block-a995d069\"><h1 class=\"uagb-heading-text\">Contact<\/h1><\/div>\n<\/div><\/div>\n\n\n\n<div class=\"wp-block-uagb-container uagb-block-5b8677e7 alignfull uagb-is-root-container\"><div class=\"uagb-container-inner-blocks-wrap\">\n<div class=\"wp-block-uagb-container uagb-block-0b288ec7\">\n<div class=\"wp-block-uagb-advanced-heading uagb-block-42605e00\"><p class=\"uagb-heading-text\"><strong>hand werk GbR<\/strong><br>Malteserstra\u00dfe 30<br>51065 K\u00f6ln <\/p><\/div>\n\n\n\n<div class=\"wp-block-uagb-advanced-heading uagb-block-4f22f616\"><p class=\"uagb-heading-text\"><strong>phone:<\/strong> +49 (0)178 1783370<br><strong>e-mail:<\/strong> info@ensemble-handwerk.eu<br><strong>management:<\/strong> Hanna-Fink@ensemble-handwerk.eu <\/p><\/div>\n<\/div>\n\n\n\n<div class=\"wp-block-uagb-container uagb-block-5658e5a7\"><script>(function() {\n\twindow.mc4wp = window.mc4wp || {\n\t\tlisteners: [],\n\t\tforms: {\n\t\t\ton: function(evt, cb) {\n\t\t\t\twindow.mc4wp.listeners.push(\n\t\t\t\t\t{\n\t\t\t\t\t\tevent   : evt,\n\t\t\t\t\t\tcallback: cb\n\t\t\t\t\t}\n\t\t\t\t);\n\t\t\t}\n\t\t}\n\t}\n})();\n<\/script><!-- Mailchimp for WordPress v4.12.2 - https:\/\/wordpress.org\/plugins\/mailchimp-for-wp\/ --><form id=\"mc4wp-form-1\" class=\"mc4wp-form mc4wp-form-2829\" method=\"post\" data-id=\"2829\" data-name=\"hand werk verteiler\" action=\"\" ><div class=\"mc4wp-form-fields\"><!DOCTYPE html>\r\n<html>\r\n<head>\r\n    <title>Mailchimp Signup Form<\/title>\r\n    <style>\r\n        .form-input {\r\n            width: 100%;\r\n            margin-bottom: 10px;\r\n            font-family: \"Transat Light\", sans-serif;\r\n        }\r\n\r\n        .form-row {\r\n            display: flex;\r\n            gap: 10px;\r\n            margin-bottom: 10px;\r\n        }\r\n\r\n        .form-row input {\r\n            flex-grow: 1;\r\n        }\r\n    <\/style>\r\n<\/head>\r\n<body>\r\n    \r\n        <div class=\"form-row\">\r\n            <input type=\"text\" name=\"FNAME\" placeholder=\"FIRST NAME\" required=\"\" value=\"FIRST NAME\" class=\"form-input\">\r\n            <input type=\"text\" name=\"LNAME\" placeholder=\"LAST NAME\" required=\"\" value=\"LAST NAME\" class=\"form-input\">\r\n        <\/div>\r\n        <div class=\"form-row\">\r\n            <input type=\"email\" name=\"EMAIL\" placeholder=\"EMAIL ADDRESS\" required=\"\" value=\"EMAIL ADDRESS\" class=\"form-input\">\r\n        <\/div>\r\n        <div class=\"form-row\">\r\n            <input type=\"submit\" value=\"SUBSCRIBE TO OUR NEWSLETTER\">\r\n        <\/div>\r\n    \r\n<\/body>\r\n<\/html>\r\n<\/div><label style=\"display: none !important;\">Leave this field empty if you're human: <input type=\"text\" name=\"_mc4wp_honeypot\" value=\"\" tabindex=\"-1\" autocomplete=\"off\" \/><\/label><input type=\"hidden\" name=\"_mc4wp_timestamp\" value=\"1776793000\" \/><input type=\"hidden\" name=\"_mc4wp_form_id\" value=\"2829\" \/><input type=\"hidden\" name=\"_mc4wp_form_element_id\" value=\"mc4wp-form-1\" \/><div class=\"mc4wp-response\"><\/div><input type=\"hidden\" name=\"trp-form-language\" value=\"en\"\/><\/form><!-- \/ Mailchimp for WordPress Plugin -->\n<\/div>\n<\/div><\/div>","protected":false},"excerpt":{"rendered":"<p>Kontakt hand werk GbRMalteserstra\u00dfe 3051065 K\u00f6ln Tel.: +49 (0)178 1783370E-Mail: info@ensemble-handwerk.euGesch\u00e4ftliches: Hanna-Fink@ensemble-handwerk.eu<\/p>","protected":false},"author":15,"featured_media":0,"parent":0,"menu_order":0,"comment_status":"closed","ping_status":"closed","template":"","meta":{"_uag_custom_page_level_css":"","site-sidebar-layout":"default","site-content-layout":"","ast-site-content-layout":"default","site-content-style":"default","site-sidebar-style":"default","ast-global-header-display":"","ast-banner-title-visibility":"","ast-main-header-display":"","ast-hfb-above-header-display":"","ast-hfb-below-header-display":"","ast-hfb-mobile-header-display":"","site-post-title":"disabled","ast-breadcrumbs-content":"","ast-featured-img":"","footer-sml-layout":"","ast-disable-related-posts":"","theme-transparent-header-meta":"","adv-header-id-meta":"","stick-header-meta":"","header-above-stick-meta":"","header-main-stick-meta":"","header-below-stick-meta":"","astra-migrate-meta-layouts":"set","ast-page-background-enabled":"default","ast-page-background-meta":{"desktop":{"background-color":"var(--ast-global-color-4)","background-image":"","background-repeat":"repeat","background-position":"center center","background-size":"auto","background-attachment":"scroll","background-type":"","background-media":"","overlay-type":"","overlay-color":"","overlay-opacity":"","overlay-gradient":""},"tablet":{"background-color":"","background-image":"","background-repeat":"repeat","background-position":"center center","background-size":"auto","background-attachment":"scroll","background-type":"","background-media":"","overlay-type":"","overlay-color":"","overlay-opacity":"","overlay-gradient":""},"mobile":{"background-color":"","background-image":"","background-repeat":"repeat","background-position":"center center","background-size":"auto","background-attachment":"scroll","background-type":"","background-media":"","overlay-type":"","overlay-color":"","overlay-opacity":"","overlay-gradient":""}},"ast-content-background-meta":{"desktop":{"background-color":"var(--ast-global-color-5)","background-image":"","background-repeat":"repeat","background-position":"center center","background-size":"auto","background-attachment":"scroll","background-type":"","background-media":"","overlay-type":"","overlay-color":"","overlay-opacity":"","overlay-gradient":""},"tablet":{"background-color":"var(--ast-global-color-5)","background-image":"","background-repeat":"repeat","background-position":"center center","background-size":"auto","background-attachment":"scroll","background-type":"","background-media":"","overlay-type":"","overlay-color":"","overlay-opacity":"","overlay-gradient":""},"mobile":{"background-color":"var(--ast-global-color-5)","background-image":"","background-repeat":"repeat","background-position":"center center","background-size":"auto","background-attachment":"scroll","background-type":"","background-media":"","overlay-type":"","overlay-color":"","overlay-opacity":"","overlay-gradient":""}},"footnotes":""},"class_list":["post-2990","page","type-page","status-publish","hentry"],"uagb_featured_image_src":{"full":false,"thumbnail":false,"medium":false,"medium_large":false,"large":false,"1536x1536":false,"2048x2048":false,"trp-custom-language-flag":false},"uagb_author_info":{"display_name":"Sarah Wohlfahrt","author_link":"https:\/\/ensemble-handwerk.eu\/en\/author\/sarah\/"},"uagb_comment_info":0,"uagb_excerpt":"Kontakt hand werk GbRMalteserstra\u00dfe 3051065 K\u00f6ln Tel.: +49 (0)178 1783370E-Mail: info@ensemble-handwerk.euGesch\u00e4ftliches: Hanna-Fink@ensemble-handwerk.eu","_links":{"self":[{"href":"https:\/\/ensemble-handwerk.eu\/en\/wp-json\/wp\/v2\/pages\/2990","targetHints":{"allow":["GET"]}}],"collection":[{"href":"https:\/\/ensemble-handwerk.eu\/en\/wp-json\/wp\/v2\/pages"}],"about":[{"href":"https:\/\/ensemble-handwerk.eu\/en\/wp-json\/wp\/v2\/types\/page"}],"author":[{"embeddable":true,"href":"https:\/\/ensemble-handwerk.eu\/en\/wp-json\/wp\/v2\/users\/15"}],"replies":[{"embeddable":true,"href":"https:\/\/ensemble-handwerk.eu\/en\/wp-json\/wp\/v2\/comments?post=2990"}],"version-history":[{"count":14,"href":"https:\/\/ensemble-handwerk.eu\/en\/wp-json\/wp\/v2\/pages\/2990\/revisions"}],"predecessor-version":[{"id":4304,"href":"https:\/\/ensemble-handwerk.eu\/en\/wp-json\/wp\/v2\/pages\/2990\/revisions\/4304"}],"wp:attachment":[{"href":"https:\/\/ensemble-handwerk.eu\/en\/wp-json\/wp\/v2\/media?parent=2990"}],"curies":[{"name":"wp","href":"https:\/\/api.w.org\/{rel}","templated":true}]}}