{"id":2996,"date":"2023-06-02T07:29:04","date_gmt":"2023-06-02T05:29:04","guid":{"rendered":"http:\/\/ensemble-handwerk.eu\/?page_id=2996"},"modified":"2025-07-25T16:54:21","modified_gmt":"2025-07-25T14:54:21","slug":"presse","status":"publish","type":"page","link":"https:\/\/ensemble-handwerk.eu\/en\/presse\/","title":{"rendered":"presse"},"content":{"rendered":"\n<div class=\"wp-block-uagb-container uagb-block-81b1678c alignfull uagb-is-root-container\"><div class=\"uagb-container-inner-blocks-wrap\">\n<div class=\"wp-block-uagb-advanced-heading uagb-block-2b7b0f6a\"><h1 class=\"uagb-heading-text\">Presse<\/h1><\/div>\n\n\n\n<p>Kontakt: <a href=\"mailto:presse@ensemble-handwerk.eu\">presse@ensemble-handwerk.eu<\/a> <\/p>\n\n\n\n<div class=\"wp-block-file\" style=\"border-radius:0px;margin-top:0;margin-right:0;margin-bottom:0;margin-left:0\"><a id=\"wp-block-file--media-a8b71f88-2afd-4116-9ed1-ed408292c9e1\" href=\"http:\/\/ensemble-handwerk.eu\/wp-content\/uploads\/2024\/01\/Bio-hw-dt-und-engl.pdf\">Bio-hw-dt-und-engl<\/a><a href=\"http:\/\/ensemble-handwerk.eu\/wp-content\/uploads\/2024\/01\/Bio-hw-dt-und-engl.pdf\" class=\"wp-block-file__button wp-element-button\" download aria-describedby=\"wp-block-file--media-a8b71f88-2afd-4116-9ed1-ed408292c9e1\">Herunterladen<\/a><\/div>\n<\/div><\/div>\n\n\n\n<div class=\"wp-block-uagb-container uagb-block-ada490c3 alignfull uagb-is-root-container\"><div class=\"uagb-container-inner-blocks-wrap\">\n<div class=\"wp-block-uagb-container uagb-block-7c66e4ac\">\n<div class=\"wp-block-uagb-advanced-heading uagb-block-1c461610\"><h2 class=\"uagb-heading-text\">Jubil\u00e4umsheft<\/h2><\/div>\n<\/div>\n\n\n\n<div class=\"wp-block-uagb-container uagb-block-5645996d\">\n<div class=\"wp-block-uagb-image uagb-block-7e0c7181 wp-block-uagb-image--layout-default wp-block-uagb-image--effect-static wp-block-uagb-image--align-none\"><figure class=\"wp-block-uagb-image__figure\"><a class=\"\" href=\"https:\/\/www.yumpu.com\/de\/document\/read\/66192568\/tent-anniversary-hand-werk\" target=\"\" rel=\"noopener\"><img decoding=\"async\" srcset=\"https:\/\/ensemble-handwerk.eu\/wp-content\/uploads\/2022\/01\/Dokument0-1024x1024.jpg \" sizes=\"auto, (max-width: 480px) 150px\" src=\"https:\/\/ensemble-handwerk.eu\/wp-content\/uploads\/2022\/01\/Dokument0-1024x1024.jpg\" alt=\"\" class=\"uag-image-2374\" width=\"1024\" height=\"1024\" title=\"\" loading=\"lazy\" role=\"img\"\/><\/a><\/figure><\/div>\n\n\n\n<div class=\"wp-block-uagb-buttons uagb-buttons__outer-wrap uagb-btn__medium-btn uagb-btn-tablet__medium-btn uagb-btn-mobile__medium-btn uagb-block-8d9f4a3e\"><div class=\"uagb-buttons__wrap uagb-buttons-layout-wrap \">\n<div class=\"wp-block-uagb-buttons-child uagb-buttons__outer-wrap uagb-block-657560bf wp-block-button\"><div class=\"uagb-button__wrapper\"><a class=\"uagb-buttons-repeater wp-block-button__link\" aria-label=\"\" href=\"https:\/\/www.yumpu.com\/de\/document\/read\/66192568\/tent-anniversary-hand-werk#\" rel=\"follow noopener\" target=\"_blank\" role=\"button\"><div class=\"uagb-button__link\">HIER LESEN<\/div><\/a><\/div><\/div>\n<\/div><\/div>\n<\/div>\n<\/div><\/div>\n\n\n\n<div class=\"wp-block-uagb-container uagb-block-f586e0ff alignfull uagb-is-root-container\"><div class=\"uagb-container-inner-blocks-wrap\">\n<div class=\"wp-block-uagb-container uagb-block-0d4a0a0c\">\n<div class=\"wp-block-uagb-advanced-heading uagb-block-aae17a20\"><h2 class=\"uagb-heading-text\">tent anniversary Film<\/h2><\/div>\n<\/div>\n\n\n\n<div class=\"wp-block-uagb-container uagb-block-9f3750bf\">\n<figure class=\"wp-block-embed is-type-video is-provider-youtube wp-block-embed-youtube wp-embed-aspect-16-9 wp-has-aspect-ratio\"><div class=\"wp-block-embed__wrapper\">\n<div class=\"epyt-video-wrapper\"><div  style=\"display: block; margin: 0px auto;\"  id=\"_ytid_41428\"  width=\"800\" height=\"450\"  data-origwidth=\"800\" data-origheight=\"450\" data-facadesrc=\"https:\/\/www.youtube.com\/embed\/mgVH-s1jZZE?enablejsapi=1&#038;autoplay=0&#038;cc_load_policy=0&#038;cc_lang_pref=&#038;iv_load_policy=1&#038;loop=0&#038;rel=0&#038;fs=1&#038;playsinline=0&#038;autohide=2&#038;theme=dark&#038;color=red&#038;controls=1&#038;disablekb=0&#038;\" class=\"__youtube_prefs__ epyt-facade epyt-is-override  no-lazyload\" data-epautoplay=\"1\" ><img decoding=\"async\" data-spai-excluded=\"true\" class=\"epyt-facade-poster skip-lazy\" loading=\"lazy\"  alt=\"YouTube player\"  src=\"https:\/\/i.ytimg.com\/vi\/mgVH-s1jZZE\/maxresdefault.jpg\"  \/><button class=\"epyt-facade-play\" aria-label=\"Play\"><svg data-no-lazy=\"1\" height=\"100%\" version=\"1.1\" viewBox=\"0 0 68 48\" width=\"100%\"><path class=\"ytp-large-play-button-bg\" d=\"M66.52,7.74c-0.78-2.93-2.49-5.41-5.42-6.19C55.79,.13,34,0,34,0S12.21,.13,6.9,1.55 C3.97,2.33,2.27,4.81,1.48,7.74C0.06,13.05,0,24,0,24s0.06,10.95,1.48,16.26c0.78,2.93,2.49,5.41,5.42,6.19 C12.21,47.87,34,48,34,48s21.79-0.13,27.1-1.55c2.93-0.78,4.64-3.26,5.42-6.19C67.94,34.95,68,24,68,24S67.94,13.05,66.52,7.74z\" fill=\"#f00\"><\/path><path d=\"M 45,24 27,14 27,34\" fill=\"#fff\"><\/path><\/svg><\/button><\/div><\/div>\n<\/div><\/figure>\n<\/div>\n<\/div><\/div>\n\n\n\n<div class=\"wp-block-uagb-container uagb-block-c04bf509 alignwide uagb-is-root-container\">\n<div class=\"wp-block-uagb-container uagb-block-3cd72cad\">\n<div class=\"wp-block-uagb-blockquote uagb-block-f1bedf10 uagb-blockquote__skin-quotation uagb-blockquote__align-center uagb-blockquote__style-style_1 uagb-blockquote__stack-img-none\"><blockquote class=\"uagb-blockquote\"><span class=\"uagb-blockquote__icon\"><svg width=\"20\" height=\"20\" viewBox=\"0 0 32 32\"><path d=\"M7.031 14c3.866 0 7 3.134 7 7s-3.134 7-7 7-7-3.134-7-7l-0.031-1c0-7.732 6.268-14 14-14v4c-2.671 0-5.182 1.040-7.071 2.929-0.364 0.364-0.695 0.751-0.995 1.157 0.357-0.056 0.724-0.086 1.097-0.086zM25.031 14c3.866 0 7 3.134 7 7s-3.134 7-7 7-7-3.134-7-7l-0.031-1c0-7.732 6.268-14 14-14v4c-2.671 0-5.182 1.040-7.071 2.929-0.364 0.364-0.695 0.751-0.995 1.157 0.358-0.056 0.724-0.086 1.097-0.086z\"><\/path><\/svg><\/span><div class=\"uagb-blockquote__content\">\u201eEnsemble hand werk ist eine Internationale Handwerkskammer f\u00fcr Kunst.\u201c<\/div><footer><div class=\"uagb-blockquote__author-wrap uagb-blockquote__author-at-left\"><cite class=\"uagb-blockquote__author\">Johannes Sch\u00f6llhorn, November 2021<\/cite><\/div><\/footer><\/blockquote><\/div>\n<\/div>\n<\/div>\n\n\n\n<div class=\"wp-block-uagb-container uagb-block-1573ecc4 alignfull uagb-is-root-container\"><div class=\"uagb-container-inner-blocks-wrap\">\n<div class=\"wp-block-uagb-container uagb-block-1fd3c4ec\"><\/div>\n\n\n\n<div class=\"wp-block-uagb-container uagb-block-faf19c38\">\n<div class=\"wp-block-uagb-blockquote uagb-block-3c159c32 uagb-blockquote__skin-border uagb-blockquote__stack-img-none\"><blockquote class=\"uagb-blockquote\"><div class=\"uagb-blockquote__content\">\u201eGanz unabh\u00e4ngig davon, was die sechs exzellenten Musiker:innen anfassen und machen, sie tun es hoch konzentriert mit gro\u00dfer Musikalit\u00e4t, Intensit\u00e4t, Pr\u00e4senz und Ausstrahlung\u201c<\/div><footer><div class=\"uagb-blockquote__author-wrap uagb-blockquote__author-at-left\"><cite class=\"uagb-blockquote__author\">Rainer Nonnenmann, <a href=\"https:\/\/www.musiktexte.online\/ausgaben\/juli-2025\/prosaisch-poetisch\">MusikTexteOnline Juli 2025<\/a><\/cite><\/div><\/footer><\/blockquote><\/div>\n\n\n\n<div class=\"wp-block-uagb-blockquote uagb-block-5ce04658 uagb-blockquote__skin-border uagb-blockquote__stack-img-none\"><blockquote class=\"uagb-blockquote\"><div class=\"uagb-blockquote__content\">\u201eWas zun\u00e4chst eigenartig und verr\u00fcckt wirkt, ist in Wahrheit pr\u00e4zise durchdacht und musikalisch ausgekl\u00fcgelt. Die Ballons sind weit mehr als ein Gag, sie verk\u00f6rpern das Prinzip dieses Konzerts: Klangforschung mit Alltagsmaterial, Interaktion und \u00dcberraschung. \u201ehand werk\u201c zeigt: Neue Musik darf wild, frech und k\u00f6rperlich sein. Und das Konzert klingt drau\u00dfen auf den Stra\u00dfen weiter, wo Kinder mit ihren mitgenommenen Luftballons tr\u00f6ten und musizieren.\u201c<\/div><footer><div class=\"uagb-blockquote__author-wrap uagb-blockquote__author-at-left\"><cite class=\"uagb-blockquote__author\">Miriam Bathe, <a href=\"https:\/\/www.musiktexte.online\/ausgaben\/mai-2025\/acht-brucken-musik-fur-koln-2025\">MusikTexteOnline Mai 2025<\/a><\/cite><\/div><\/footer><\/blockquote><\/div>\n\n\n\n<div class=\"wp-block-uagb-blockquote uagb-block-36dcfa3a uagb-blockquote__skin-border uagb-blockquote__stack-img-none\"><blockquote class=\"uagb-blockquote\"><div class=\"uagb-blockquote__content\">\u201eAls vorl\u00e4ufiges Res\u00fcmee des Bisherigen war dieses Konzert ideal. Mit gro\u00dfer \u00dcberzeugungskraft wurden die exzellenten Musiker jeder der gebotenen Stilistiken voll gerecht. Geradezu schlafwandlerisch wechselten und wandelten sie durch die unterschiedlichen Klangwelten. [\u2026] Gr\u00f6\u00dftm\u00f6glicher Applaus.\u201c<\/div><footer><div class=\"uagb-blockquote__author-wrap uagb-blockquote__author-at-left\"><cite class=\"uagb-blockquote__author\">Kristian Kuhnle, Straubinger Rundschau Juli 2022<\/cite><\/div><\/footer><\/blockquote><\/div>\n\n\n\n<div class=\"wp-block-uagb-blockquote uagb-block-ea460536 uagb-blockquote__skin-border uagb-blockquote__stack-img-none\"><blockquote class=\"uagb-blockquote\"><div class=\"uagb-blockquote__content\">\u201eIch habe in meinem Leben selten Musiker erlebt, die solche Energie und Vitalit\u00e4t aufbringen \u2013 und das auch k\u00f6nnen und durchhalten \u2013 wie dieses Ensemble. In einem Konzert mit meinem\u00a0<em>La force du vertige<\/em>\u00a0vor einigen Monaten konnte ich auch miterleben, mit welcher Text-Bravour, d.h. Genauigkeit ohne Probe mit dem Komponisten, diese Musiker ihr Hand-Werk verstehen und aus\u00fcben! Eine vulkanische, mitrei\u00dfende Interpretation!!\u201c<\/div><footer><div class=\"uagb-blockquote__author-wrap uagb-blockquote__author-at-left\"><cite class=\"uagb-blockquote__author\">Nicolaus A. Huber, November 2021<\/cite><\/div><\/footer><\/blockquote><\/div>\n\n\n\n<div class=\"wp-block-uagb-blockquote uagb-block-01716d48 uagb-blockquote__skin-border uagb-blockquote__stack-img-none\"><blockquote class=\"uagb-blockquote\"><div class=\"uagb-blockquote__content\">\u201eEs reicht nicht, exzellent zu spielen, das tun n\u00e4mlich alle, das ist der Mindeststandard. Genial kuratierte Programme, mit Bedacht ausgew\u00e4hltes Instrumentarium, das Changieren zwischen Pierrot-Besetzung und Elektroschrott und all das mit der Hingabe, die nur den \u00dcberzeugungst\u00e4tern innewohnt.\u201c<\/div><footer><div class=\"uagb-blockquote__author-wrap uagb-blockquote__author-at-left\"><cite class=\"uagb-blockquote__author\">Daniel Mennicken, November 2021<\/cite><\/div><\/footer><\/blockquote><\/div>\n\n\n\n<div class=\"wp-block-uagb-blockquote uagb-block-dad16f1b uagb-blockquote__skin-border uagb-blockquote__stack-img-none\"><blockquote class=\"uagb-blockquote\"><div class=\"uagb-blockquote__content\">\u201eDass die hand werker auch Musik mit Alltagsgegenst\u00e4nden, selbstgebauten Ad-hoc-Klangerzeugern oder K\u00f6rper und Stimme machen, mag mittlerweile kein Alleinstellungsmerkmal mehr sein. Dennoch ist es bemerkenswert, dass bei allem Abweichen vom traditionellen Interpretendasein (dem perfektionierten Beherrschen eines einzigen Hauptinstruments) das Ensemble hand werk mit seinen Projekten nicht ins Diffuse abrutscht. Weder tappen sie in die heute g\u00e4ngigen Modefallen und blasen ihre Projekte intermedial auf, bis der Arzt kommt, noch geben sie sich mit ordentlich komponierter, aber belangloser Virtuosenmusik von der Sorte \u201ePremium-Kunsthandwerk\u201c zufrieden. Stattdessen tragen ihre Programme eine Hand-Schrift der Entschiedenheit. Die St\u00fccke m\u00f6gen mal schelmisch verspielt sein, mal eher spr\u00f6de und sperrig. Aber immer sind sie klar ausgew\u00e4hlt \u2013 von einer Gruppe kritischer und anspruchsvoller Denker.\u201c<\/div><footer><div class=\"uagb-blockquote__author-wrap uagb-blockquote__author-at-left\"><cite class=\"uagb-blockquote__author\">Leonie Reineke, November 2021<\/cite><\/div><\/footer><\/blockquote><\/div>\n\n\n\n<div class=\"wp-block-uagb-blockquote uagb-block-b0f88dd6 uagb-blockquote__skin-border uagb-blockquote__stack-img-none\"><blockquote class=\"uagb-blockquote\"><div class=\"uagb-blockquote__content\">\u201eUnersch\u00fctterliche \u00dcberzeugung in die Kraft des \u00c4sthetischen\u201c<\/div><footer><div class=\"uagb-blockquote__author-wrap uagb-blockquote__author-at-left\"><cite class=\"uagb-blockquote__author\">Rainer Nonnenmann zum 10-j\u00e4hrigen Jubil\u00e4um von hand werk, Dezember 2021<\/cite><\/div><\/footer><\/blockquote><\/div>\n\n\n\n<div class=\"wp-block-uagb-blockquote uagb-block-7353aa12 uagb-blockquote__skin-border uagb-blockquote__stack-img-none\"><blockquote class=\"uagb-blockquote\"><div class=\"uagb-blockquote__content\">\u201eDen Auftakt machte mit Helmut Lachenmanns \u201etemA\u201c von 1968 eine Art Klassiker der Neuen Musik. Die Interpreten wussten die energetischen Qualit\u00e4ten der Komposition, in der auch Momente der Stille eine gro\u00dfe Rolle spielen, schl\u00fcssig herauszuarbeiten. Anschlie\u00dfend begaben sich die beiden Instrumentalisten an einen seitlich aufgebauten Tisch, um Jessie Marinos \u201eEndless Shrimp\u201c zu interpretieren. \u201eThe process begins just outside the factory walls\u201c hie\u00df es da am Anfang, der begleitende Film zeigte indes gerade das Innere von Fabriken, die etwa Brezeln, Schaufensterpuppen oder, genau, Shrimps bearbeiten. Die Musiker schergelten dazu auf allen m\u00f6glichen K\u00fcchenutensilien herum und waren auch mimisch zugange, etwa beim eingangs erw\u00e4hnten Griff zum Knabberzeug, derweil ein eingespielter Groove immer langsamer wurde \u2013 unter dem Strich eine ziemlich lustige Angelegenheit.\u201c<\/div><footer><div class=\"uagb-blockquote__author-wrap uagb-blockquote__author-at-left\"><cite class=\"uagb-blockquote__author\">J\u00f6rg Worat, So klingen Erdnussflips und schnalzende Celli, NP 2018<\/cite><\/div><\/footer><\/blockquote><\/div>\n\n\n\n<div class=\"wp-block-uagb-blockquote uagb-block-f35c6fc7 uagb-blockquote__skin-border uagb-blockquote__stack-img-none\"><blockquote class=\"uagb-blockquote\"><div class=\"uagb-blockquote__content\">\u201eEin Sieg f\u00fcr den ungewohnten Dreiviertelton\u201c<\/div><footer><div class=\"uagb-blockquote__author-wrap uagb-blockquote__author-at-left\"><cite class=\"uagb-blockquote__author\">Klaus M. Schmidt, Westdeutsche Zeitung<\/cite><\/div><\/footer><\/blockquote><\/div>\n\n\n\n<div class=\"wp-block-uagb-blockquote uagb-block-4ee7475b uagb-blockquote__skin-border uagb-blockquote__stack-img-none\"><blockquote class=\"uagb-blockquote\"><div class=\"uagb-blockquote__content\">\u201eH\u00f6chste Konzentration, Pr\u00e4zision und Pr\u00e4senz entfalteten die sechs Musiker von hand werk, obwohl sie in St\u00fccken von Sarhan, Filidei, Barden und L\u00f6ffler nicht mit ihren angestammten Instrumenten auftraten, sondern fachfremd als Perkussionisten, Vokalisten und Elektroniker. Umso mehr faszinierten ihre Leistungen: reif f\u00fcr nationale und internationale Podien.\u201c<\/div><footer><div class=\"uagb-blockquote__author-wrap uagb-blockquote__author-at-left\"><cite class=\"uagb-blockquote__author\">Rainer Nonnenmann, Leistungsschau junger ensembles. Das WERFT-Festival des K\u00f6lner Netzwerks ON. Neue musikzeitung, Februar 2017<\/cite><\/div><\/footer><\/blockquote><\/div>\n\n\n\n<div class=\"wp-block-uagb-blockquote uagb-block-7689e5bf uagb-blockquote__skin-border uagb-blockquote__stack-img-none\"><blockquote class=\"uagb-blockquote\"><div class=\"uagb-blockquote__content\">\u201eF\u00fcr hand werk z\u00e4hlen Musikalit\u00e4t und Sorgfalt anstelle von Materialfetischismus oder instrumentaler Effekthascherei.\u201c<\/div><footer><div class=\"uagb-blockquote__author-wrap uagb-blockquote__author-at-left\"><cite class=\"uagb-blockquote__author\">Leonie Reineke, Deutschlandfunk, Atelier Neue Musik 2016<\/cite><\/div><\/footer><\/blockquote><\/div>\n\n\n\n<div class=\"wp-block-uagb-blockquote uagb-block-a1faaff4 uagb-blockquote__skin-border uagb-blockquote__stack-img-none\"><blockquote class=\"uagb-blockquote\"><div class=\"uagb-blockquote__content\">\u201eAus f\u00fcnfundvierzig eingereichten Partituren wurden sechs Werke junger Komponisten ausgew\u00e4hlt und vom jungen K\u00f6lner Kammerensemble \u201ehand werk\u201c uraufgef\u00fchrt. Unter dessen hochkonzentrierten Interpretationen ragte Fl\u00f6tist Daniel Agi mit der Urauff\u00fchrung von Yasutaki Inamoris ebenso virtuosem wie eigenwilligem \u201eMumbling Flute, Reinforced\u201c heraus. Besonders eindr\u00fccklich geriet auch das schreiend stille \u201eAsche\u201c der 1985 geborenen Schwedin Lisa Streich, wo in forciertem Unisono die Klarinette den Celloklang regelrecht verschluckt, so dass nur noch die heftigen Bogenwechsel des Cellisten zu sehen und als Knackimpulse zu h\u00f6ren sind.\u201c<\/div><footer><div class=\"uagb-blockquote__author-wrap uagb-blockquote__author-at-left\"><cite class=\"uagb-blockquote__author\">Rainer Nonnenmann, Interventionen wider die Routine. Die Wittener Tage f\u00fcr neue Kammermusik. MusikTexte 137, 2013<\/cite><\/div><\/footer><\/blockquote><\/div>\n\n\n\n<div class=\"wp-block-uagb-blockquote uagb-block-6f26f9dc uagb-blockquote__skin-border uagb-blockquote__stack-img-none\"><blockquote class=\"uagb-blockquote\"><div class=\"uagb-blockquote__content\">\u201eDie Idee der eins-zu-eins-Konzerte klingt vielleicht zun\u00e4chst einfach nur witzig. Doch tats\u00e4chlich wird hier zeit\u00acgen\u00f6ssische Musik spielend n\u00e4her gebracht. [\u2026] Was f\u00fcr ein kurzweiliger Abend! unter 4 ohren ist ein Konzept, das durchaus in Reihe gehen k\u00f6nnte.\u201c<\/div><footer><div class=\"uagb-blockquote__author-wrap uagb-blockquote__author-at-left\"><cite class=\"uagb-blockquote__author\">Julia Spyker, WDR 3 TonArt 2013<\/cite><\/div><\/footer><\/blockquote><\/div>\n<\/div>\n<\/div><\/div>\n","protected":false},"excerpt":{"rendered":"<p>Presse Kontakt: presse@ensemble-handwerk.eu Jubil\u00e4umsheft tent anniversary Film<\/p>","protected":false},"author":15,"featured_media":0,"parent":0,"menu_order":0,"comment_status":"closed","ping_status":"closed","template":"","meta":{"_uag_custom_page_level_css":"","site-sidebar-layout":"default","site-content-layout":"","ast-site-content-layout":"default","site-content-style":"default","site-sidebar-style":"default","ast-global-header-display":"","ast-banner-title-visibility":"","ast-main-header-display":"","ast-hfb-above-header-display":"","ast-hfb-below-header-display":"","ast-hfb-mobile-header-display":"","site-post-title":"disabled","ast-breadcrumbs-content":"","ast-featured-img":"","footer-sml-layout":"","ast-disable-related-posts":"","theme-transparent-header-meta":"","adv-header-id-meta":"","stick-header-meta":"","header-above-stick-meta":"","header-main-stick-meta":"","header-below-stick-meta":"","astra-migrate-meta-layouts":"set","ast-page-background-enabled":"default","ast-page-background-meta":{"desktop":{"background-color":"var(--ast-global-color-4)","background-image":"","background-repeat":"repeat","background-position":"center center","background-size":"auto","background-attachment":"scroll","background-type":"","background-media":"","overlay-type":"","overlay-color":"","overlay-opacity":"","overlay-gradient":""},"tablet":{"background-color":"","background-image":"","background-repeat":"repeat","background-position":"center center","background-size":"auto","background-attachment":"scroll","background-type":"","background-media":"","overlay-type":"","overlay-color":"","overlay-opacity":"","overlay-gradient":""},"mobile":{"background-color":"","background-image":"","background-repeat":"repeat","background-position":"center center","background-size":"auto","background-attachment":"scroll","background-type":"","background-media":"","overlay-type":"","overlay-color":"","overlay-opacity":"","overlay-gradient":""}},"ast-content-background-meta":{"desktop":{"background-color":"var(--ast-global-color-5)","background-image":"","background-repeat":"repeat","background-position":"center center","background-size":"auto","background-attachment":"scroll","background-type":"","background-media":"","overlay-type":"","overlay-color":"","overlay-opacity":"","overlay-gradient":""},"tablet":{"background-color":"var(--ast-global-color-5)","background-image":"","background-repeat":"repeat","background-position":"center center","background-size":"auto","background-attachment":"scroll","background-type":"","background-media":"","overlay-type":"","overlay-color":"","overlay-opacity":"","overlay-gradient":""},"mobile":{"background-color":"var(--ast-global-color-5)","background-image":"","background-repeat":"repeat","background-position":"center center","background-size":"auto","background-attachment":"scroll","background-type":"","background-media":"","overlay-type":"","overlay-color":"","overlay-opacity":"","overlay-gradient":""}},"footnotes":""},"class_list":["post-2996","page","type-page","status-publish","hentry"],"uagb_featured_image_src":{"full":false,"thumbnail":false,"medium":false,"medium_large":false,"large":false,"1536x1536":false,"2048x2048":false,"trp-custom-language-flag":false},"uagb_author_info":{"display_name":"Sarah Wohlfahrt","author_link":"https:\/\/ensemble-handwerk.eu\/en\/author\/sarah\/"},"uagb_comment_info":0,"uagb_excerpt":"Presse Kontakt: presse@ensemble-handwerk.eu Jubil\u00e4umsheft tent anniversary Film","_links":{"self":[{"href":"https:\/\/ensemble-handwerk.eu\/en\/wp-json\/wp\/v2\/pages\/2996","targetHints":{"allow":["GET"]}}],"collection":[{"href":"https:\/\/ensemble-handwerk.eu\/en\/wp-json\/wp\/v2\/pages"}],"about":[{"href":"https:\/\/ensemble-handwerk.eu\/en\/wp-json\/wp\/v2\/types\/page"}],"author":[{"embeddable":true,"href":"https:\/\/ensemble-handwerk.eu\/en\/wp-json\/wp\/v2\/users\/15"}],"replies":[{"embeddable":true,"href":"https:\/\/ensemble-handwerk.eu\/en\/wp-json\/wp\/v2\/comments?post=2996"}],"version-history":[{"count":28,"href":"https:\/\/ensemble-handwerk.eu\/en\/wp-json\/wp\/v2\/pages\/2996\/revisions"}],"predecessor-version":[{"id":4425,"href":"https:\/\/ensemble-handwerk.eu\/en\/wp-json\/wp\/v2\/pages\/2996\/revisions\/4425"}],"wp:attachment":[{"href":"https:\/\/ensemble-handwerk.eu\/en\/wp-json\/wp\/v2\/media?parent=2996"}],"curies":[{"name":"wp","href":"https:\/\/api.w.org\/{rel}","templated":true}]}}